{"id":712,"date":"2020-02-05T21:33:54","date_gmt":"2020-02-05T21:33:54","guid":{"rendered":"https:\/\/www.stanjko.at\/wordpress\/?page_id=712"},"modified":"2020-02-08T13:31:28","modified_gmt":"2020-02-08T13:31:28","slug":"instandsetzung","status":"publish","type":"page","link":"https:\/\/www.domisil.at\/wordpress\/?page_id=712","title":{"rendered":"Instandsetzung Wohnhaus"},"content":{"rendered":"\n<p>Wohnhaus Nutzfl\u00e4che ca. 480m\u00b2 + Garten\/Hof<\/p>\n\n\n\n<figure class=\"wp-block-image size-large\"><img loading=\"lazy\" decoding=\"async\" width=\"1024\" height=\"687\" src=\"https:\/\/www.domisil.at\/wordpress\/wp-content\/uploads\/2020\/02\/1712-Foto-Garten-02-1024x687.jpg\" alt=\"\" class=\"wp-image-761\" srcset=\"https:\/\/www.domisil.at\/wordpress\/wp-content\/uploads\/2020\/02\/1712-Foto-Garten-02-1024x687.jpg 1024w, https:\/\/www.domisil.at\/wordpress\/wp-content\/uploads\/2020\/02\/1712-Foto-Garten-02-300x201.jpg 300w, https:\/\/www.domisil.at\/wordpress\/wp-content\/uploads\/2020\/02\/1712-Foto-Garten-02-768x515.jpg 768w, https:\/\/www.domisil.at\/wordpress\/wp-content\/uploads\/2020\/02\/1712-Foto-Garten-02-1536x1031.jpg 1536w, https:\/\/www.domisil.at\/wordpress\/wp-content\/uploads\/2020\/02\/1712-Foto-Garten-02-2048x1374.jpg 2048w\" sizes=\"auto, (max-width: 1024px) 100vw, 1024px\" \/><\/figure>\n\n\n\n<p>Bei der Instandsetzung dieses Wohnhauses sollte der Charakter des zuletzt durchgef\u00fchrten hochwertigen Umbaus mit einer Vielzahl an innovativen Details erhalten bleiben. Es erfolgten lediglich erforderliche technische Nachr\u00fcstungen bei Beleuchtung, Haustechnik und Einbauger\u00e4ten. Oberfl\u00e4chen wurden teilweise erneuert, bzw. vorhandenen Materialen gereinigt und nach Erfordernis instand gesetzt. <\/p>\n\n\n\n<figure class=\"wp-block-image size-large\"><img loading=\"lazy\" decoding=\"async\" width=\"1024\" height=\"768\" src=\"https:\/\/www.domisil.at\/wordpress\/wp-content\/uploads\/2020\/02\/1712-Foto-Eingang-1024x768.jpg\" alt=\"\" class=\"wp-image-757\" srcset=\"https:\/\/www.domisil.at\/wordpress\/wp-content\/uploads\/2020\/02\/1712-Foto-Eingang-1024x768.jpg 1024w, https:\/\/www.domisil.at\/wordpress\/wp-content\/uploads\/2020\/02\/1712-Foto-Eingang-300x225.jpg 300w, https:\/\/www.domisil.at\/wordpress\/wp-content\/uploads\/2020\/02\/1712-Foto-Eingang-768x576.jpg 768w, https:\/\/www.domisil.at\/wordpress\/wp-content\/uploads\/2020\/02\/1712-Foto-Eingang-1536x1152.jpg 1536w, https:\/\/www.domisil.at\/wordpress\/wp-content\/uploads\/2020\/02\/1712-Foto-Eingang-2048x1536.jpg 2048w\" sizes=\"auto, (max-width: 1024px) 100vw, 1024px\" \/><\/figure>\n\n\n\n<figure class=\"wp-block-image size-large\"><img loading=\"lazy\" decoding=\"async\" width=\"1024\" height=\"688\" src=\"https:\/\/www.domisil.at\/wordpress\/wp-content\/uploads\/2020\/02\/1712-Foto-Blick-zu-Garten-1-1024x688.jpg\" alt=\"\" class=\"wp-image-756\" srcset=\"https:\/\/www.domisil.at\/wordpress\/wp-content\/uploads\/2020\/02\/1712-Foto-Blick-zu-Garten-1-1024x688.jpg 1024w, https:\/\/www.domisil.at\/wordpress\/wp-content\/uploads\/2020\/02\/1712-Foto-Blick-zu-Garten-1-300x202.jpg 300w, https:\/\/www.domisil.at\/wordpress\/wp-content\/uploads\/2020\/02\/1712-Foto-Blick-zu-Garten-1-768x516.jpg 768w, https:\/\/www.domisil.at\/wordpress\/wp-content\/uploads\/2020\/02\/1712-Foto-Blick-zu-Garten-1-1536x1032.jpg 1536w, https:\/\/www.domisil.at\/wordpress\/wp-content\/uploads\/2020\/02\/1712-Foto-Blick-zu-Garten-1-2048x1376.jpg 2048w\" sizes=\"auto, (max-width: 1024px) 100vw, 1024px\" \/><\/figure>\n","protected":false},"excerpt":{"rendered":"<p>Wohnhaus Nutzfl\u00e4che ca. 480m\u00b2 + Garten\/Hof Bei der Instandsetzung dieses Wohnhauses sollte der Charakter des zuletzt durchgef\u00fchrten hochwertigen Umbaus mit einer Vielzahl an innovativen Details&#8230;<\/p>\n<div class=\"more-link-wrapper\"><a class=\"more-link\" href=\"https:\/\/www.domisil.at\/wordpress\/?page_id=712\">Continue reading<span class=\"screen-reader-text\">Instandsetzung Wohnhaus<\/span><\/a><\/div>\n","protected":false},"author":1,"featured_media":0,"parent":105,"menu_order":0,"comment_status":"closed","ping_status":"closed","template":"","meta":{"footnotes":""},"class_list":["post-712","page","type-page","status-publish","hentry","entry"],"_links":{"self":[{"href":"https:\/\/www.domisil.at\/wordpress\/index.php?rest_route=\/wp\/v2\/pages\/712","targetHints":{"allow":["GET"]}}],"collection":[{"href":"https:\/\/www.domisil.at\/wordpress\/index.php?rest_route=\/wp\/v2\/pages"}],"about":[{"href":"https:\/\/www.domisil.at\/wordpress\/index.php?rest_route=\/wp\/v2\/types\/page"}],"author":[{"embeddable":true,"href":"https:\/\/www.domisil.at\/wordpress\/index.php?rest_route=\/wp\/v2\/users\/1"}],"replies":[{"embeddable":true,"href":"https:\/\/www.domisil.at\/wordpress\/index.php?rest_route=%2Fwp%2Fv2%2Fcomments&post=712"}],"version-history":[{"count":4,"href":"https:\/\/www.domisil.at\/wordpress\/index.php?rest_route=\/wp\/v2\/pages\/712\/revisions"}],"predecessor-version":[{"id":774,"href":"https:\/\/www.domisil.at\/wordpress\/index.php?rest_route=\/wp\/v2\/pages\/712\/revisions\/774"}],"up":[{"embeddable":true,"href":"https:\/\/www.domisil.at\/wordpress\/index.php?rest_route=\/wp\/v2\/pages\/105"}],"wp:attachment":[{"href":"https:\/\/www.domisil.at\/wordpress\/index.php?rest_route=%2Fwp%2Fv2%2Fmedia&parent=712"}],"curies":[{"name":"wp","href":"https:\/\/api.w.org\/{rel}","templated":true}]}}