{"id":412,"date":"2017-01-03T08:52:16","date_gmt":"2017-01-03T08:52:16","guid":{"rendered":"https:\/\/www.stanjko.at\/wordpress\/?page_id=412"},"modified":"2017-01-12T16:02:10","modified_gmt":"2017-01-12T16:02:10","slug":"office-kredenz","status":"publish","type":"page","link":"https:\/\/www.domisil.at\/wordpress\/?page_id=412","title":{"rendered":"Office-Kredenz"},"content":{"rendered":"<p style=\"text-align: center;\">gesucht: ein Multifunktionsm\u00f6bel f\u00fcrs Home-Office<\/p>\n\n\t\t<!-- MasterSlider -->\n\t\t<div id=\"P_MS69f451170b42a\" class=\"master-slider-parent msl ms-parent-id-7\" style=\"max-width:800px;\">\n\n\t\t\t\n\t\t\t<!-- MasterSlider Main -->\n\t\t\t<div id=\"MS69f451170b42a\" class=\"master-slider ms-skin-black-2 round-skin\" >\n\t\t\t\t \t\t\t\t \n\t\t\t\t<div  class=\"ms-slide\" data-delay=\"3\" data-fill-mode=\"fit\"  >\n\t\t\t\t\t<img decoding=\"async\" src=\"https:\/\/www.domisil.at\/wordpress\/wp-content\/plugins\/master-slider\/public\/assets\/css\/blank.gif\" alt=\"\" title=\"\" data-src=\"https:\/\/www.domisil.at\/wordpress\/wp-content\/uploads\/2017\/01\/skizze_kredenz_170102.png\" \/>\n\n\n\t<div class=\"ms-thumb\" ><div class=\"ms-tab-context\"><div class=\"&quot;ms-tab-context&quot;\"><\/div><\/div>\n<\/div>\n\t\t\t\t<\/div>\n\t\t\t\t<div  class=\"ms-slide\" data-delay=\"3\" data-fill-mode=\"fit\"  >\n\t\t\t\t\t<img decoding=\"async\" src=\"https:\/\/www.domisil.at\/wordpress\/wp-content\/plugins\/master-slider\/public\/assets\/css\/blank.gif\" alt=\"\" title=\"\" data-src=\"https:\/\/www.domisil.at\/wordpress\/wp-content\/uploads\/2017\/01\/ansicht-detail.jpg\" \/>\n\n\n\t<div class=\"ms-thumb\" ><div class=\"ms-tab-context\"><div class=\"&quot;ms-tab-context&quot;\"><\/div><\/div>\n<\/div>\n\t\t\t\t<\/div>\n\t\t\t\t<div  class=\"ms-slide\" data-delay=\"3\" data-fill-mode=\"fit\"  >\n\t\t\t\t\t<img decoding=\"async\" src=\"https:\/\/www.domisil.at\/wordpress\/wp-content\/plugins\/master-slider\/public\/assets\/css\/blank.gif\" alt=\"\" title=\"\" data-src=\"https:\/\/www.domisil.at\/wordpress\/wp-content\/uploads\/2017\/01\/skizze.jpg\" \/>\n\n\n\t<div class=\"ms-thumb\" ><div class=\"ms-tab-context\"><div class=\"&quot;ms-tab-context&quot;\"><\/div><\/div>\n<\/div>\n\t\t\t\t<\/div>\n\t\t\t\t<div  class=\"ms-slide\" data-delay=\"3\" data-fill-mode=\"fit\"  >\n\t\t\t\t\t<img decoding=\"async\" src=\"https:\/\/www.domisil.at\/wordpress\/wp-content\/plugins\/master-slider\/public\/assets\/css\/blank.gif\" alt=\"\" title=\"\" data-src=\"https:\/\/www.domisil.at\/wordpress\/wp-content\/uploads\/2017\/01\/grundriss-detail.jpg\" \/>\n\n\n\t<div class=\"ms-thumb\" ><div class=\"ms-tab-context\"><div class=\"&quot;ms-tab-context&quot;\"><\/div><\/div>\n<\/div>\n\t\t\t\t<\/div>\n\n\t\t\t<\/div>\n\t\t\t<!-- END MasterSlider Main -->\n\n\t\t\t \n\t\t<\/div>\n\t\t<!-- END MasterSlider -->\n\n\t\t<script>\n\t\t(function ( $ ) {\n\t\t\t\"use strict\";\n\n\t\t\t$(function () {\n\t\t\t\tvar masterslider_b42a = new MasterSlider();\n\n\t\t\t\t\/\/ slider controls\n\t\t\t\tmasterslider_b42a.control('arrows'     ,{ autohide:true, overVideo:true  });\n\t\t\t\t\/\/ slider setup\n\t\t\t\tmasterslider_b42a.setup(\"MS69f451170b42a\", {\n\t\t\t\t\t\twidth           : 800,\n\t\t\t\t\t\theight          : 480,\n\t\t\t\t\t\tminHeight       : 0,\n\t\t\t\t\t\tspace           : 0,\n\t\t\t\t\t\tstart           : 1,\n\t\t\t\t\t\tgrabCursor      : true,\n\t\t\t\t\t\tswipe           : true,\n\t\t\t\t\t\tmouse           : true,\n\t\t\t\t\t\tlayout          : \"boxed\",\n\t\t\t\t\t\twheel           : false,\n\t\t\t\t\t\tautoplay        : false,\n\t\t\t\t\t\tinstantStartLayers:false,\n\t\t\t\t\t\tloop            : false,\n\t\t\t\t\t\tshuffle         : false,\n\t\t\t\t\t\tpreload         : 0,\n\t\t\t\t\t\theightLimit     : true,\n\t\t\t\t\t\tautoHeight      : false,\n\t\t\t\t\t\tsmoothHeight    : true,\n\t\t\t\t\t\tendPause        : false,\n\t\t\t\t\t\toverPause       : true,\n\t\t\t\t\t\tfillMode        : \"fill\",\n\t\t\t\t\t\tcenterControls  : true,\n\t\t\t\t\t\tstartOnAppear   : false,\n\t\t\t\t\t\tlayersMode      : \"center\",\n\t\t\t\t\t\thideLayers      : false,\n\t\t\t\t\t\tfullscreenMargin: 0,\n\t\t\t\t\t\tspeed           : 30,\n\t\t\t\t\t\tdir             : \"h\",\n\t\t\t\t\t\tparallaxMode    : 'swipe',\n\t\t\t\t\t\tview            : \"basic\"\n\t\t\t\t});\n\n\t\t\t\t\n\t\t\t\twindow.masterslider_instances = window.masterslider_instances || [];\n\t\t\t\twindow.masterslider_instances.push( masterslider_b42a );\n\t\t\t });\n\n\t\t})(jQuery);\n\t\t<\/script>\n\n\n<p>&nbsp;<\/p>\n<p>F\u00fcr dieses mehrteilige B\u00fcrom\u00f6bel wurde der M\u00f6beltyp Kredenz neu interpretiert und adaptiert. Es dient als Stauraum f\u00fcr die technische Ausstattung und B\u00fcromaterialien, und beinhaltet ein kleines B\u00fccherregal f\u00fcr Fachliteratur. Die Ablagefl\u00e4che ist eine Verl\u00e4ngerung des Schreibtisches und bietet Platz f\u00fcr ein Drucker-Scanner-Kopierer-Kombi-Ger\u00e4t.<\/p>\n<p>Material: Esche-Dreischichtplatten wei\u00df ge\u00f6lt und MDF-Platten<\/p>\n","protected":false},"excerpt":{"rendered":"<p>gesucht: ein Multifunktionsm\u00f6bel f\u00fcrs Home-Office &nbsp; F\u00fcr dieses mehrteilige B\u00fcrom\u00f6bel wurde der M\u00f6beltyp Kredenz neu interpretiert und adaptiert. Es dient als Stauraum f\u00fcr die technische&#8230;<\/p>\n<div class=\"more-link-wrapper\"><a class=\"more-link\" href=\"https:\/\/www.domisil.at\/wordpress\/?page_id=412\">Continue reading<span class=\"screen-reader-text\">Office-Kredenz<\/span><\/a><\/div>\n","protected":false},"author":1,"featured_media":0,"parent":105,"menu_order":1799,"comment_status":"closed","ping_status":"closed","template":"","meta":{"footnotes":""},"class_list":["post-412","page","type-page","status-publish","hentry","entry"],"_links":{"self":[{"href":"https:\/\/www.domisil.at\/wordpress\/index.php?rest_route=\/wp\/v2\/pages\/412","targetHints":{"allow":["GET"]}}],"collection":[{"href":"https:\/\/www.domisil.at\/wordpress\/index.php?rest_route=\/wp\/v2\/pages"}],"about":[{"href":"https:\/\/www.domisil.at\/wordpress\/index.php?rest_route=\/wp\/v2\/types\/page"}],"author":[{"embeddable":true,"href":"https:\/\/www.domisil.at\/wordpress\/index.php?rest_route=\/wp\/v2\/users\/1"}],"replies":[{"embeddable":true,"href":"https:\/\/www.domisil.at\/wordpress\/index.php?rest_route=%2Fwp%2Fv2%2Fcomments&post=412"}],"version-history":[{"count":8,"href":"https:\/\/www.domisil.at\/wordpress\/index.php?rest_route=\/wp\/v2\/pages\/412\/revisions"}],"predecessor-version":[{"id":565,"href":"https:\/\/www.domisil.at\/wordpress\/index.php?rest_route=\/wp\/v2\/pages\/412\/revisions\/565"}],"up":[{"embeddable":true,"href":"https:\/\/www.domisil.at\/wordpress\/index.php?rest_route=\/wp\/v2\/pages\/105"}],"wp:attachment":[{"href":"https:\/\/www.domisil.at\/wordpress\/index.php?rest_route=%2Fwp%2Fv2%2Fmedia&parent=412"}],"curies":[{"name":"wp","href":"https:\/\/api.w.org\/{rel}","templated":true}]}}