{"id":329,"date":"2017-01-02T11:04:05","date_gmt":"2017-01-02T11:04:05","guid":{"rendered":"https:\/\/www.stanjko.at\/wordpress\/?page_id=329"},"modified":"2017-01-12T15:44:37","modified_gmt":"2017-01-12T15:44:37","slug":"outside","status":"publish","type":"page","link":"https:\/\/www.domisil.at\/wordpress\/?page_id=329","title":{"rendered":"Terrasse"},"content":{"rendered":"<p>Terrassenzubau f\u00fcr ein Mehrgenerationenwohnhaus (Konzept)<\/p>\n<p><img loading=\"lazy\" decoding=\"async\" class=\"aligncenter wp-image-333\" src=\"https:\/\/www.domisil.at\/wordpress\/wp-content\/uploads\/2017\/01\/201609_Grundriss.jpg\" alt=\"Grundrissdarstellung der Terrasse mit zwei Ebenen\" width=\"500\" height=\"349\" srcset=\"https:\/\/www.domisil.at\/wordpress\/wp-content\/uploads\/2017\/01\/201609_Grundriss.jpg 783w, https:\/\/www.domisil.at\/wordpress\/wp-content\/uploads\/2017\/01\/201609_Grundriss-300x209.jpg 300w, https:\/\/www.domisil.at\/wordpress\/wp-content\/uploads\/2017\/01\/201609_Grundriss-768x536.jpg 768w\" sizes=\"auto, (max-width: 500px) 100vw, 500px\" \/><\/p>\n<p>&nbsp;<\/p>\n<p>Das Niveau der Wohnr\u00e4ume befindet sich 1,2m \u00fcber dem Gartenniveau. Die Terrasse soll einen \u00dcbergang vom Wohnraum in den Garten schaffen. Die obere Ebene ist eine kleine private Terrasse und vom Wohnraum barrierefrei begehbar. Eine durchgehende Bank bietet Sitzm\u00f6glichkeiten f\u00fcr zwei bis drei Personen. Die untere Ebene bietet Platz f\u00fcr gr\u00f6\u00dfere Gruppen und \u00f6ffnet sich zum Garten hin. Der Raum unter der kleineren Terrasse kann als Stauraum genutzt werden.<\/p>\n<p><img loading=\"lazy\" decoding=\"async\" class=\"aligncenter wp-image-336\" src=\"https:\/\/www.domisil.at\/wordpress\/wp-content\/uploads\/2017\/01\/201609_Skizze-2.jpg\" alt=\"Handskizzen \u00dcbergang Terrasse zu Garten; 3 Varianten: 1. Natursteine mit Bepflanzung 2. gemauerter Pflanzentrog 3. gerade Abschlusskante mit mobilen Pflanztr\u00f6gen\" width=\"500\" height=\"292\" srcset=\"https:\/\/www.domisil.at\/wordpress\/wp-content\/uploads\/2017\/01\/201609_Skizze-2.jpg 840w, https:\/\/www.domisil.at\/wordpress\/wp-content\/uploads\/2017\/01\/201609_Skizze-2-300x175.jpg 300w, https:\/\/www.domisil.at\/wordpress\/wp-content\/uploads\/2017\/01\/201609_Skizze-2-768x449.jpg 768w\" sizes=\"auto, (max-width: 500px) 100vw, 500px\" \/><\/p>\n<p>&nbsp;<\/p>\n","protected":false},"excerpt":{"rendered":"<p>Terrassenzubau f\u00fcr ein Mehrgenerationenwohnhaus (Konzept) &nbsp; Das Niveau der Wohnr\u00e4ume befindet sich 1,2m \u00fcber dem Gartenniveau. Die Terrasse soll einen \u00dcbergang vom Wohnraum in den&#8230;<\/p>\n<div class=\"more-link-wrapper\"><a class=\"more-link\" href=\"https:\/\/www.domisil.at\/wordpress\/?page_id=329\">Continue reading<span class=\"screen-reader-text\">Terrasse<\/span><\/a><\/div>\n","protected":false},"author":1,"featured_media":0,"parent":105,"menu_order":1609,"comment_status":"closed","ping_status":"closed","template":"","meta":{"footnotes":""},"class_list":["post-329","page","type-page","status-publish","hentry","entry"],"_links":{"self":[{"href":"https:\/\/www.domisil.at\/wordpress\/index.php?rest_route=\/wp\/v2\/pages\/329","targetHints":{"allow":["GET"]}}],"collection":[{"href":"https:\/\/www.domisil.at\/wordpress\/index.php?rest_route=\/wp\/v2\/pages"}],"about":[{"href":"https:\/\/www.domisil.at\/wordpress\/index.php?rest_route=\/wp\/v2\/types\/page"}],"author":[{"embeddable":true,"href":"https:\/\/www.domisil.at\/wordpress\/index.php?rest_route=\/wp\/v2\/users\/1"}],"replies":[{"embeddable":true,"href":"https:\/\/www.domisil.at\/wordpress\/index.php?rest_route=%2Fwp%2Fv2%2Fcomments&post=329"}],"version-history":[{"count":11,"href":"https:\/\/www.domisil.at\/wordpress\/index.php?rest_route=\/wp\/v2\/pages\/329\/revisions"}],"predecessor-version":[{"id":559,"href":"https:\/\/www.domisil.at\/wordpress\/index.php?rest_route=\/wp\/v2\/pages\/329\/revisions\/559"}],"up":[{"embeddable":true,"href":"https:\/\/www.domisil.at\/wordpress\/index.php?rest_route=\/wp\/v2\/pages\/105"}],"wp:attachment":[{"href":"https:\/\/www.domisil.at\/wordpress\/index.php?rest_route=%2Fwp%2Fv2%2Fmedia&parent=329"}],"curies":[{"name":"wp","href":"https:\/\/api.w.org\/{rel}","templated":true}]}}