{"id":250,"date":"2016-12-30T10:19:03","date_gmt":"2016-12-30T10:19:03","guid":{"rendered":"https:\/\/www.stanjko.at\/wordpress\/?page_id=250"},"modified":"2017-01-12T15:57:55","modified_gmt":"2017-01-12T15:57:55","slug":"generationenwohnen","status":"publish","type":"page","link":"https:\/\/www.domisil.at\/wordpress\/?page_id=250","title":{"rendered":"GenerationenWohnen"},"content":{"rendered":"<p>Umbau und Sanierung eines Doppelwohnhauses<\/p>\n<p><img loading=\"lazy\" decoding=\"async\" class=\"aligncenter wp-image-270 size-full\" src=\"https:\/\/www.domisil.at\/wordpress\/wp-content\/uploads\/2016\/12\/GWo_05.00.jpg\" alt=\"Au\u00dfenansicht des Geb\u00e4udes\" width=\"880\" height=\"379\" srcset=\"https:\/\/www.domisil.at\/wordpress\/wp-content\/uploads\/2016\/12\/GWo_05.00.jpg 880w, https:\/\/www.domisil.at\/wordpress\/wp-content\/uploads\/2016\/12\/GWo_05.00-300x129.jpg 300w, https:\/\/www.domisil.at\/wordpress\/wp-content\/uploads\/2016\/12\/GWo_05.00-768x331.jpg 768w\" sizes=\"auto, (max-width: 880px) 100vw, 880px\" \/><\/p>\n<p>Bei diesem Projekt handelt es sich um ein Wohnhaus mit zwei Wohneinheiten und einer Gesamtnutzfl\u00e4che von ca. 120m\u00b2 im Bestand. Trotz der geringen Wohnnutzfl\u00e4che sollen beide Wohneinheiten erhalten bleiben und durch bauliche \u00c4nderungen optimiert werden. Das Bestandsgeb\u00e4ude wird lediglich um einen Windfang erweitert um einen Treppenaufgang f\u00fcr eine neue Galerie zu schaffen.<\/p>\n<p><img loading=\"lazy\" decoding=\"async\" class=\"aligncenter wp-image-274 size-large\" src=\"https:\/\/www.domisil.at\/wordpress\/wp-content\/uploads\/2016\/12\/GWo_22.00-1024x505.jpg\" alt=\"Grundriss mit Darstellung von Bestand (grau), Abbruch (gelb) und neuen Bauteilen (rot, braun, blau, etc.)\" width=\"1024\" height=\"505\" srcset=\"https:\/\/www.domisil.at\/wordpress\/wp-content\/uploads\/2016\/12\/GWo_22.00-1024x505.jpg 1024w, https:\/\/www.domisil.at\/wordpress\/wp-content\/uploads\/2016\/12\/GWo_22.00-300x148.jpg 300w, https:\/\/www.domisil.at\/wordpress\/wp-content\/uploads\/2016\/12\/GWo_22.00-768x379.jpg 768w, https:\/\/www.domisil.at\/wordpress\/wp-content\/uploads\/2016\/12\/GWo_22.00.jpg 1150w\" sizes=\"auto, (max-width: 1024px) 100vw, 1024px\" \/><\/p>\n<p>Die Wohneinheiten sind \u00fcber getrennte Eing\u00e4nge begehbar.\u00a0 Ein Nebenraum, in dem sich die gemeinsame Haustechnik und Waschmaschine befindet, verbindet die Einheiten. Da die T\u00fcren zum Verbindungsgang von beiden Seiten versperrt werden k\u00f6nnen, ist es m\u00f6glich, die Einheiten sowohl gemeinschaftlich als auch separat zu nutzen.<\/p>\n<p><img loading=\"lazy\" decoding=\"async\" class=\"aligncenter wp-image-271\" src=\"https:\/\/www.domisil.at\/wordpress\/wp-content\/uploads\/2016\/12\/GWo_06.00.jpg\" alt=\"Perspektive Innenraum\" width=\"550\" height=\"357\" srcset=\"https:\/\/www.domisil.at\/wordpress\/wp-content\/uploads\/2016\/12\/GWo_06.00.jpg 863w, https:\/\/www.domisil.at\/wordpress\/wp-content\/uploads\/2016\/12\/GWo_06.00-300x195.jpg 300w, https:\/\/www.domisil.at\/wordpress\/wp-content\/uploads\/2016\/12\/GWo_06.00-768x498.jpg 768w\" sizes=\"auto, (max-width: 550px) 100vw, 550px\" \/><\/p>\n<p>F\u00fcr ein gro\u00dfz\u00fcgigeres Raumgef\u00fchl wird der vorhandene Sparrendachstuhl freigelegt, Zwischenw\u00e4nde und Parapete abgebrochen und s\u00fcdseitig anstelle der Fenster Terrassent\u00fcren eingebaut.<\/p>\n<p><img loading=\"lazy\" decoding=\"async\" class=\"aligncenter wp-image-272\" src=\"https:\/\/www.domisil.at\/wordpress\/wp-content\/uploads\/2016\/12\/GWo_07.00.jpg\" alt=\"Perspektive au\u00dfen, Detail\" width=\"550\" height=\"348\" srcset=\"https:\/\/www.domisil.at\/wordpress\/wp-content\/uploads\/2016\/12\/GWo_07.00.jpg 900w, https:\/\/www.domisil.at\/wordpress\/wp-content\/uploads\/2016\/12\/GWo_07.00-300x190.jpg 300w, https:\/\/www.domisil.at\/wordpress\/wp-content\/uploads\/2016\/12\/GWo_07.00-768x486.jpg 768w\" sizes=\"auto, (max-width: 550px) 100vw, 550px\" \/><\/p>\n<p>Wohneinheit 01: In der westlichen Einheit bildet eine Wohnk\u00fcche das gemeinsame Zentrum. R\u00fcckzugsr\u00e4ume sind eine Schlafnische, die durch Schiebet\u00fcren geschlossen werden kann, eine offene Galerie und ein G\u00e4stehochbett, das \u00fcber eine Leiter und eine Bodenklappe zug\u00e4nglich ist. Die Galerie bildet einen Puffer f\u00fcr nachtr\u00e4gliche Nutzungs\u00e4nderungen, indem mit einfachen Ma\u00dfnahmen ein abgetrennter Raum, z.B. f\u00fcr ein Kinder-, G\u00e4ste- oder Arbeitszimmer geschaffen werden kann.<\/p>\n<p><img loading=\"lazy\" decoding=\"async\" class=\"aligncenter wp-image-273 size-large\" src=\"https:\/\/www.domisil.at\/wordpress\/wp-content\/uploads\/2016\/12\/GWo_21.00-1024x469.jpg\" alt=\"Grundriss nach Umbau\" width=\"1024\" height=\"469\" srcset=\"https:\/\/www.domisil.at\/wordpress\/wp-content\/uploads\/2016\/12\/GWo_21.00-1024x469.jpg 1024w, https:\/\/www.domisil.at\/wordpress\/wp-content\/uploads\/2016\/12\/GWo_21.00-300x138.jpg 300w, https:\/\/www.domisil.at\/wordpress\/wp-content\/uploads\/2016\/12\/GWo_21.00-768x352.jpg 768w, https:\/\/www.domisil.at\/wordpress\/wp-content\/uploads\/2016\/12\/GWo_21.00.jpg 1178w\" sizes=\"auto, (max-width: 1024px) 100vw, 1024px\" \/><\/p>\n<p>Wohneinheit 02: In der \u00f6stlichen Einheit ist der offene Hauptraum \u00fcber einen Vorraum von zwei Seiten her zug\u00e4nglich. Ein Zugang f\u00fchrt in die Wohnk\u00fcche, der zweite in den Schlafbereich. Der Schlafraum wird privater gestaltet und kann bei Bedarf durch eine Schiebet\u00fcr geschlossen werden. In der Wohnk\u00fcche bieten schwellenlose Terrassent\u00fcren einen direkten Zugang nach drau\u00dfen.<\/p>\n<p>Die barrierefreie Dusche, die N\u00e4he des Schlafzimmers zum Bad und zur Waschmaschine, sowie die Durchgangsm\u00f6glichkeit zwischen den Einheiten innerhalb des Geb\u00e4udes sollen im Bedarfsfall Pflegearbeiten erleichtern.<\/p>\n","protected":false},"excerpt":{"rendered":"<p>Umbau und Sanierung eines Doppelwohnhauses Bei diesem Projekt handelt es sich um ein Wohnhaus mit zwei Wohneinheiten und einer Gesamtnutzfl\u00e4che von ca. 120m\u00b2 im Bestand.&#8230;<\/p>\n<div class=\"more-link-wrapper\"><a class=\"more-link\" href=\"https:\/\/www.domisil.at\/wordpress\/?page_id=250\">Continue reading<span class=\"screen-reader-text\">GenerationenWohnen<\/span><\/a><\/div>\n","protected":false},"author":1,"featured_media":0,"parent":105,"menu_order":9921,"comment_status":"closed","ping_status":"closed","template":"","meta":{"footnotes":""},"class_list":["post-250","page","type-page","status-publish","hentry","entry"],"_links":{"self":[{"href":"https:\/\/www.domisil.at\/wordpress\/index.php?rest_route=\/wp\/v2\/pages\/250","targetHints":{"allow":["GET"]}}],"collection":[{"href":"https:\/\/www.domisil.at\/wordpress\/index.php?rest_route=\/wp\/v2\/pages"}],"about":[{"href":"https:\/\/www.domisil.at\/wordpress\/index.php?rest_route=\/wp\/v2\/types\/page"}],"author":[{"embeddable":true,"href":"https:\/\/www.domisil.at\/wordpress\/index.php?rest_route=\/wp\/v2\/users\/1"}],"replies":[{"embeddable":true,"href":"https:\/\/www.domisil.at\/wordpress\/index.php?rest_route=%2Fwp%2Fv2%2Fcomments&post=250"}],"version-history":[{"count":9,"href":"https:\/\/www.domisil.at\/wordpress\/index.php?rest_route=\/wp\/v2\/pages\/250\/revisions"}],"predecessor-version":[{"id":275,"href":"https:\/\/www.domisil.at\/wordpress\/index.php?rest_route=\/wp\/v2\/pages\/250\/revisions\/275"}],"up":[{"embeddable":true,"href":"https:\/\/www.domisil.at\/wordpress\/index.php?rest_route=\/wp\/v2\/pages\/105"}],"wp:attachment":[{"href":"https:\/\/www.domisil.at\/wordpress\/index.php?rest_route=%2Fwp%2Fv2%2Fmedia&parent=250"}],"curies":[{"name":"wp","href":"https:\/\/api.w.org\/{rel}","templated":true}]}}