{"id":219,"date":"2016-12-30T09:47:58","date_gmt":"2016-12-30T09:47:58","guid":{"rendered":"https:\/\/www.stanjko.at\/wordpress\/?page_id=219"},"modified":"2017-01-10T22:08:33","modified_gmt":"2017-01-10T22:08:33","slug":"bucherbox","status":"publish","type":"page","link":"https:\/\/www.domisil.at\/wordpress\/?page_id=219","title":{"rendered":"B\u00fccherBOX"},"content":{"rendered":"<p style=\"text-align: center;\">M\u00f6belentwurf f\u00fcr ein B\u00fccherregal<\/p>\n<p><img loading=\"lazy\" decoding=\"async\" class=\"aligncenter wp-image-225 size-full\" src=\"https:\/\/www.domisil.at\/wordpress\/wp-content\/uploads\/2016\/12\/03_9901_BBO_F-01_Seitenansicht-SW_R500.jpg\" alt=\"Schwarzwei\u00dffoto des Regals, Gesamtansicht\" width=\"500\" height=\"749\" srcset=\"https:\/\/www.domisil.at\/wordpress\/wp-content\/uploads\/2016\/12\/03_9901_BBO_F-01_Seitenansicht-SW_R500.jpg 500w, https:\/\/www.domisil.at\/wordpress\/wp-content\/uploads\/2016\/12\/03_9901_BBO_F-01_Seitenansicht-SW_R500-200x300.jpg 200w\" sizes=\"auto, (max-width: 500px) 100vw, 500px\" \/><\/p>\n<p>Das Regal wurde so entworfen, dass es bei einem Umzug auch in anderen Raumkonstellationen wiederverwendet werden kann. Das System besteht aus hochwertigen Einzelteilen, die verschiedene Aufstellungsvarianten erm\u00f6glichen.<\/p>\n<p><img loading=\"lazy\" decoding=\"async\" class=\"aligncenter wp-image-228 size-full\" src=\"https:\/\/www.domisil.at\/wordpress\/wp-content\/uploads\/2016\/12\/03_9901_BBO_3DR.jpg\" alt=\"3D-Darstellung von zwei verschiedenen Aufstellungsvarianten\" width=\"784\" height=\"444\" srcset=\"https:\/\/www.domisil.at\/wordpress\/wp-content\/uploads\/2016\/12\/03_9901_BBO_3DR.jpg 784w, https:\/\/www.domisil.at\/wordpress\/wp-content\/uploads\/2016\/12\/03_9901_BBO_3DR-300x170.jpg 300w, https:\/\/www.domisil.at\/wordpress\/wp-content\/uploads\/2016\/12\/03_9901_BBO_3DR-768x435.jpg 768w\" sizes=\"auto, (max-width: 784px) 100vw, 784px\" \/><\/p>\n<p>Das Regal besteht aus sechs massiven, ge\u00f6lten Eichenstehern und unterschiedlich gro\u00dfen, pulverbeschichteten \u201cB\u00fccherboxen\u201d die miteinander verschraubt werden. An der Ober- und Unterseite der Hauptsteher sind Stellschrauben angebracht, die es m\u00f6glich machen, das Regal frei im Raum aufzustellen. Die \u201cB\u00fccherboxen\u201d k\u00f6nnen auch als eigenst\u00e4ndige M\u00f6bel, z.B. als Ablage, Hocker oder Beistelltisch verwendet werden.<\/p>\n<p>&nbsp;<\/p>\n","protected":false},"excerpt":{"rendered":"<p>M\u00f6belentwurf f\u00fcr ein B\u00fccherregal Das Regal wurde so entworfen, dass es bei einem Umzug auch in anderen Raumkonstellationen wiederverwendet werden kann. Das System besteht aus&#8230;<\/p>\n<div class=\"more-link-wrapper\"><a class=\"more-link\" href=\"https:\/\/www.domisil.at\/wordpress\/?page_id=219\">Continue reading<span class=\"screen-reader-text\">B\u00fccherBOX<\/span><\/a><\/div>\n","protected":false},"author":1,"featured_media":0,"parent":105,"menu_order":9901,"comment_status":"closed","ping_status":"closed","template":"","meta":{"footnotes":""},"class_list":["post-219","page","type-page","status-publish","hentry","entry"],"_links":{"self":[{"href":"https:\/\/www.domisil.at\/wordpress\/index.php?rest_route=\/wp\/v2\/pages\/219","targetHints":{"allow":["GET"]}}],"collection":[{"href":"https:\/\/www.domisil.at\/wordpress\/index.php?rest_route=\/wp\/v2\/pages"}],"about":[{"href":"https:\/\/www.domisil.at\/wordpress\/index.php?rest_route=\/wp\/v2\/types\/page"}],"author":[{"embeddable":true,"href":"https:\/\/www.domisil.at\/wordpress\/index.php?rest_route=\/wp\/v2\/users\/1"}],"replies":[{"embeddable":true,"href":"https:\/\/www.domisil.at\/wordpress\/index.php?rest_route=%2Fwp%2Fv2%2Fcomments&post=219"}],"version-history":[{"count":8,"href":"https:\/\/www.domisil.at\/wordpress\/index.php?rest_route=\/wp\/v2\/pages\/219\/revisions"}],"predecessor-version":[{"id":541,"href":"https:\/\/www.domisil.at\/wordpress\/index.php?rest_route=\/wp\/v2\/pages\/219\/revisions\/541"}],"up":[{"embeddable":true,"href":"https:\/\/www.domisil.at\/wordpress\/index.php?rest_route=\/wp\/v2\/pages\/105"}],"wp:attachment":[{"href":"https:\/\/www.domisil.at\/wordpress\/index.php?rest_route=%2Fwp%2Fv2%2Fmedia&parent=219"}],"curies":[{"name":"wp","href":"https:\/\/api.w.org\/{rel}","templated":true}]}}