{"id":2,"date":"2015-12-09T03:33:20","date_gmt":"2015-12-09T03:33:20","guid":{"rendered":"http:\/\/wp44m.a10-52-158-154.qa.plesk.ru\/wordpress\/?page_id=2"},"modified":"2017-03-22T11:39:40","modified_gmt":"2017-03-22T11:39:40","slug":"sample-page","status":"publish","type":"page","link":"https:\/\/www.domisil.at\/wordpress\/","title":{"rendered":""},"content":{"rendered":"<p>&nbsp;<\/p>\n<p><img loading=\"lazy\" decoding=\"async\" class=\"alignleft wp-image-388\" src=\"https:\/\/www.domisil.at\/wordpress\/wp-content\/uploads\/2015\/12\/00-domisil-logo-home.jpg\" alt=\"Logo &quot;domisil&quot;\" width=\"82\" height=\"50\" srcset=\"https:\/\/www.domisil.at\/wordpress\/wp-content\/uploads\/2015\/12\/00-domisil-logo-home.jpg 1457w, https:\/\/www.domisil.at\/wordpress\/wp-content\/uploads\/2015\/12\/00-domisil-logo-home-300x184.jpg 300w, https:\/\/www.domisil.at\/wordpress\/wp-content\/uploads\/2015\/12\/00-domisil-logo-home-768x472.jpg 768w, https:\/\/www.domisil.at\/wordpress\/wp-content\/uploads\/2015\/12\/00-domisil-logo-home-1024x630.jpg 1024w\" sizes=\"auto, (max-width: 82px) 100vw, 82px\" \/>ist ein Atelier f\u00fcr Bestandsarchitektur in Wien und besch\u00e4ftigt sich mit der Erhaltung und Verbesserung von Bestandsgeb\u00e4uden<\/p>\n<p><img loading=\"lazy\" decoding=\"async\" class=\"alignleft wp-image-388\" src=\"https:\/\/www.domisil.at\/wordpress\/wp-content\/uploads\/2015\/12\/00-domisil-logo-home.jpg\" alt=\"Logo &quot;domisil&quot;\" width=\"82\" height=\"50\" srcset=\"https:\/\/www.domisil.at\/wordpress\/wp-content\/uploads\/2015\/12\/00-domisil-logo-home.jpg 1457w, https:\/\/www.domisil.at\/wordpress\/wp-content\/uploads\/2015\/12\/00-domisil-logo-home-300x184.jpg 300w, https:\/\/www.domisil.at\/wordpress\/wp-content\/uploads\/2015\/12\/00-domisil-logo-home-768x472.jpg 768w, https:\/\/www.domisil.at\/wordpress\/wp-content\/uploads\/2015\/12\/00-domisil-logo-home-1024x630.jpg 1024w\" sizes=\"auto, (max-width: 82px) 100vw, 82px\" \/>plant und begleitet Sanierungen, Umbauten, Zubauten und unterst\u00fctzt Sie bei der Planung und Umsetzung Ihres Projekts von der ersten Idee bis zur Fertigstellung<\/p>\n<p><img loading=\"lazy\" decoding=\"async\" class=\"alignleft wp-image-388\" src=\"https:\/\/www.domisil.at\/wordpress\/wp-content\/uploads\/2015\/12\/00-domisil-logo-home.jpg\" alt=\"Logo &quot;domisil&quot;\" width=\"82\" height=\"50\" srcset=\"https:\/\/www.domisil.at\/wordpress\/wp-content\/uploads\/2015\/12\/00-domisil-logo-home.jpg 1457w, https:\/\/www.domisil.at\/wordpress\/wp-content\/uploads\/2015\/12\/00-domisil-logo-home-300x184.jpg 300w, https:\/\/www.domisil.at\/wordpress\/wp-content\/uploads\/2015\/12\/00-domisil-logo-home-768x472.jpg 768w, https:\/\/www.domisil.at\/wordpress\/wp-content\/uploads\/2015\/12\/00-domisil-logo-home-1024x630.jpg 1024w\" sizes=\"auto, (max-width: 82px) 100vw, 82px\" \/>richtet sich an alle, die bestehende Geb\u00e4ude sch\u00e4tzen und denen \u00d6kologie, Nachhaltigkeit und der verantwortungsvolle Umgang mit vorhandenen Ressourcen ein Anliegen ist<\/p>\n<p>&nbsp;<\/p>\n<p><img loading=\"lazy\" decoding=\"async\" class=\"alignnone wp-image-506 size-thumbnail\" src=\"https:\/\/www.domisil.at\/wordpress\/wp-content\/uploads\/2017\/01\/sw-ziegel-150x150.jpg\" alt=\"Schwarzwei\u00df-Foto alte Ziegel mit verschiedenen Stempeln\" width=\"150\" height=\"150\" \/> <img loading=\"lazy\" decoding=\"async\" class=\"alignnone wp-image-511\" src=\"https:\/\/www.domisil.at\/wordpress\/wp-content\/uploads\/2017\/01\/sw-walzmuster-150x150.jpg\" alt=\"Schwarzwei\u00df-Foto altes Walzmuster auf einer Wand\" width=\"150\" height=\"150\" srcset=\"https:\/\/www.domisil.at\/wordpress\/wp-content\/uploads\/2017\/01\/sw-walzmuster-150x150.jpg 150w, https:\/\/www.domisil.at\/wordpress\/wp-content\/uploads\/2017\/01\/sw-walzmuster-300x300.jpg 300w, https:\/\/www.domisil.at\/wordpress\/wp-content\/uploads\/2017\/01\/sw-walzmuster-768x771.jpg 768w, https:\/\/www.domisil.at\/wordpress\/wp-content\/uploads\/2017\/01\/sw-walzmuster-1020x1024.jpg 1020w, https:\/\/www.domisil.at\/wordpress\/wp-content\/uploads\/2017\/01\/sw-walzmuster.jpg 2027w\" sizes=\"auto, (max-width: 150px) 100vw, 150px\" \/> <img loading=\"lazy\" decoding=\"async\" class=\"alignnone size-thumbnail wp-image-510\" src=\"https:\/\/www.domisil.at\/wordpress\/wp-content\/uploads\/2017\/01\/sw-t\u00fcrbeschlag-150x150.jpg\" alt=\"Schwarzwei\u00df-Foto Detail einer T\u00fcre mit runden T\u00fcrkn\u00e4ufen und Strukturverglasung\" width=\"150\" height=\"150\" \/> <img loading=\"lazy\" decoding=\"async\" class=\"alignnone size-thumbnail wp-image-508\" src=\"https:\/\/www.domisil.at\/wordpress\/wp-content\/uploads\/2017\/01\/sw-lehmboden-150x150.jpg\" alt=\"Schwarzwei\u00df-Foto Lehmboden\" width=\"150\" height=\"150\" \/> <img loading=\"lazy\" decoding=\"async\" class=\"alignnone size-thumbnail wp-image-509\" src=\"https:\/\/www.domisil.at\/wordpress\/wp-content\/uploads\/2017\/01\/sw-t\u00fcr-150x150.jpg\" alt=\"Schwarzwei\u00df-Foto Detail Holzt\u00fcre mit altem T\u00fcrbeschlag\" width=\"150\" height=\"150\" srcset=\"https:\/\/www.domisil.at\/wordpress\/wp-content\/uploads\/2017\/01\/sw-t\u00fcr-150x150.jpg 150w, https:\/\/www.domisil.at\/wordpress\/wp-content\/uploads\/2017\/01\/sw-t\u00fcr-300x300.jpg 300w, https:\/\/www.domisil.at\/wordpress\/wp-content\/uploads\/2017\/01\/sw-t\u00fcr-768x768.jpg 768w, https:\/\/www.domisil.at\/wordpress\/wp-content\/uploads\/2017\/01\/sw-t\u00fcr.jpg 779w\" sizes=\"auto, (max-width: 150px) 100vw, 150px\" \/> <img loading=\"lazy\" decoding=\"async\" class=\"alignnone size-thumbnail wp-image-507\" src=\"https:\/\/www.domisil.at\/wordpress\/wp-content\/uploads\/2017\/01\/sw-altholz-150x150.jpg\" alt=\"Schwarzwei\u00df-Foto Struktur Altholz\" width=\"150\" height=\"150\" \/> <img loading=\"lazy\" decoding=\"async\" class=\"alignnone size-thumbnail wp-image-618\" src=\"https:\/\/www.domisil.at\/wordpress\/wp-content\/uploads\/2017\/02\/sw-glas-01-150x150.jpg\" alt=\"Schwarzwei\u00df-Foto Glast\u00fcr mit Sprossen und verschieden strukturierten Gl\u00e4sern\" width=\"150\" height=\"150\" \/> <img loading=\"lazy\" decoding=\"async\" class=\"alignnone size-thumbnail wp-image-621\" src=\"https:\/\/www.domisil.at\/wordpress\/wp-content\/uploads\/2017\/02\/sw-t\u00fcrbeschlag-02-150x150.jpg\" alt=\"Schwarzwei\u00df-Foto T\u00fcrbeschlag\" width=\"150\" height=\"150\" \/> <img loading=\"lazy\" decoding=\"async\" class=\"alignnone size-thumbnail wp-image-616\" src=\"https:\/\/www.domisil.at\/wordpress\/wp-content\/uploads\/2017\/02\/sw-fliesen-03-150x150.jpg\" alt=\"Schwarzwei\u00df-Foto gemusterte und strukturierte Gangfliesen aus der Gr\u00fcnderzeit\" width=\"150\" height=\"150\" \/> <img loading=\"lazy\" decoding=\"async\" class=\"alignnone size-thumbnail wp-image-613\" src=\"https:\/\/www.domisil.at\/wordpress\/wp-content\/uploads\/2017\/02\/sw-altholz-03-150x150.jpg\" alt=\"Schwarzwei\u00df-Foto Holz-Kassetten-Muster, Detailansicht eines Haustores\" width=\"150\" height=\"150\" \/> <img loading=\"lazy\" decoding=\"async\" class=\"alignnone size-thumbnail wp-image-620\" src=\"https:\/\/www.domisil.at\/wordpress\/wp-content\/uploads\/2017\/02\/sw-terrazzo-01-150x150.jpg\" alt=\"Schwarzwei\u00df-Foto gemusterter Terrazzo, Palais Epstein\" width=\"150\" height=\"150\" \/> <img loading=\"lazy\" decoding=\"async\" class=\"alignnone size-thumbnail wp-image-619\" src=\"https:\/\/www.domisil.at\/wordpress\/wp-content\/uploads\/2017\/02\/sw-metalltor-01-150x150.jpg\" alt=\"Schwarzwei\u00df-Foto Metalltor\" width=\"150\" height=\"150\" \/> <img loading=\"lazy\" decoding=\"async\" class=\"alignnone size-thumbnail wp-image-612\" src=\"https:\/\/www.domisil.at\/wordpress\/wp-content\/uploads\/2017\/02\/sw-altholz-02-150x150.jpg\" alt=\"Schwarzwei\u00df-Foto alte, verwitterte Holzstruktur\" width=\"150\" height=\"150\" \/> <img loading=\"lazy\" decoding=\"async\" class=\"alignnone size-thumbnail wp-image-622\" src=\"https:\/\/www.domisil.at\/wordpress\/wp-content\/uploads\/2017\/02\/sw-t\u00fcrbeschlag-03-150x150.jpg\" alt=\"Schwarzwei\u00df-Foto historischer T\u00fcrbeschlag mit Dr\u00fccker und Schloss\" width=\"150\" height=\"150\" \/> <img loading=\"lazy\" decoding=\"async\" class=\"alignnone size-thumbnail wp-image-614\" src=\"https:\/\/www.domisil.at\/wordpress\/wp-content\/uploads\/2017\/02\/sw-fliesen-01-150x150.jpg\" alt=\"Schwarzwei\u00df-Foto gemusterte und strukturierte Gangfliesen aus der Gr\u00fcnderzeit\" width=\"150\" height=\"150\" \/><\/p>\n","protected":false},"excerpt":{"rendered":"<p>&nbsp; ist ein Atelier f\u00fcr Bestandsarchitektur in Wien und besch\u00e4ftigt sich mit der Erhaltung und Verbesserung von Bestandsgeb\u00e4uden plant und begleitet Sanierungen, Umbauten, Zubauten und&#8230;<\/p>\n<div class=\"more-link-wrapper\"><a class=\"more-link\" href=\"https:\/\/www.domisil.at\/wordpress\/\">Continue reading<span class=\"screen-reader-text\"><\/span><\/a><\/div>\n","protected":false},"author":1,"featured_media":0,"parent":0,"menu_order":10,"comment_status":"closed","ping_status":"closed","template":"","meta":{"footnotes":""},"class_list":["post-2","page","type-page","status-publish","hentry","entry"],"_links":{"self":[{"href":"https:\/\/www.domisil.at\/wordpress\/index.php?rest_route=\/wp\/v2\/pages\/2","targetHints":{"allow":["GET"]}}],"collection":[{"href":"https:\/\/www.domisil.at\/wordpress\/index.php?rest_route=\/wp\/v2\/pages"}],"about":[{"href":"https:\/\/www.domisil.at\/wordpress\/index.php?rest_route=\/wp\/v2\/types\/page"}],"author":[{"embeddable":true,"href":"https:\/\/www.domisil.at\/wordpress\/index.php?rest_route=\/wp\/v2\/users\/1"}],"replies":[{"embeddable":true,"href":"https:\/\/www.domisil.at\/wordpress\/index.php?rest_route=%2Fwp%2Fv2%2Fcomments&post=2"}],"version-history":[{"count":31,"href":"https:\/\/www.domisil.at\/wordpress\/index.php?rest_route=\/wp\/v2\/pages\/2\/revisions"}],"predecessor-version":[{"id":649,"href":"https:\/\/www.domisil.at\/wordpress\/index.php?rest_route=\/wp\/v2\/pages\/2\/revisions\/649"}],"wp:attachment":[{"href":"https:\/\/www.domisil.at\/wordpress\/index.php?rest_route=%2Fwp%2Fv2%2Fmedia&parent=2"}],"curies":[{"name":"wp","href":"https:\/\/api.w.org\/{rel}","templated":true}]}}