{"id":192,"date":"2016-12-29T20:55:53","date_gmt":"2016-12-29T20:55:53","guid":{"rendered":"https:\/\/www.stanjko.at\/wordpress\/?page_id=192"},"modified":"2017-01-12T16:08:31","modified_gmt":"2017-01-12T16:08:31","slug":"192-2","status":"publish","type":"page","link":"https:\/\/www.domisil.at\/wordpress\/?page_id=192","title":{"rendered":"4+2+4 = 7?"},"content":{"rendered":"<p style=\"text-align: left;\">Entwurf f\u00fcr eine Kleinwohnung in einem Gr\u00fcnderzeithaus<\/p>\n<p><img loading=\"lazy\" decoding=\"async\" class=\"aligncenter wp-image-204 size-large\" src=\"https:\/\/www.domisil.at\/wordpress\/wp-content\/uploads\/2016\/12\/03_9911_m01_GR-01-1024x546.png\" alt=\"Grundrissdarstellung\" width=\"1024\" height=\"546\" srcset=\"https:\/\/www.domisil.at\/wordpress\/wp-content\/uploads\/2016\/12\/03_9911_m01_GR-01-1024x546.png 1024w, https:\/\/www.domisil.at\/wordpress\/wp-content\/uploads\/2016\/12\/03_9911_m01_GR-01-300x160.png 300w, https:\/\/www.domisil.at\/wordpress\/wp-content\/uploads\/2016\/12\/03_9911_m01_GR-01-768x410.png 768w, https:\/\/www.domisil.at\/wordpress\/wp-content\/uploads\/2016\/12\/03_9911_m01_GR-01.png 1241w\" sizes=\"auto, (max-width: 1024px) 100vw, 1024px\" \/><\/p>\n<p>Die Nutzfl\u00e4che der Wohnung betr\u00e4gt nur etwa 30m\u00b2.\u00a0 Diese Fl\u00e4che soll durch Mehrfachnutzungen optimiert werden.<\/p>\n<p>Vorraum, WC und Bad bilden eine Einheit, die durch unterschiedliche Stellungen von drei Dreht\u00fcren den jeweiligen Bed\u00fcrfnissen angepasst werden. Die zur Verf\u00fcgung stehende Bodenfl\u00e4che kann so mehrfach genutzt werden. Ein Teil des Vorraums kann Teil des Badezimmers und oder Teil des WCs werden. Es ergeben sich je nach Stellung der T\u00fcren folgende Nutzfl\u00e4chen: Vorraum 4,5m\u00b2, WC 2,3m\u00b2 und Bad 4,5m\u00b2 (Summe = 11,3m\u00b2 ). Die tats\u00e4chlich vorhandene Fl\u00e4che f\u00fcr alle drei Bereiche betr\u00e4gt lediglich 7m\u00b2.<\/p>\n<p><img loading=\"lazy\" decoding=\"async\" class=\"size-full wp-image-209 aligncenter\" src=\"https:\/\/www.domisil.at\/wordpress\/wp-content\/uploads\/2016\/12\/03_9911_3DS-01_Varianten-VR_R750.jpg\" alt=\"Vorraum, Bad und WC: Perspektiven von oben mit drei Nutzungsvarianten: 1. Vorraum - T\u00fcren zu Bad und WC geschlossen 2. WC wird erweitert, T\u00fcre schlie\u00dft zum Vorraum ab 3. Bad wird erweitert - zwei T\u00fcren schlie\u00dfen zum Vorraum und Zimmer ab\" width=\"750\" height=\"388\" srcset=\"https:\/\/www.domisil.at\/wordpress\/wp-content\/uploads\/2016\/12\/03_9911_3DS-01_Varianten-VR_R750.jpg 750w, https:\/\/www.domisil.at\/wordpress\/wp-content\/uploads\/2016\/12\/03_9911_3DS-01_Varianten-VR_R750-300x155.jpg 300w\" sizes=\"auto, (max-width: 750px) 100vw, 750px\" \/><\/p>\n<p><img loading=\"lazy\" decoding=\"async\" class=\"aligncenter wp-image-203 size-full\" src=\"https:\/\/www.domisil.at\/wordpress\/wp-content\/uploads\/2016\/12\/03_9911_3DS-02_Varianten-Wohnk\u00fcche_R750.jpg\" alt=\"Wohnk\u00fcche Perspektive von oben, Darstellung von 3 Nutzungsvarianten: 1. Lesen am Sofa und Arbeiten am Tisch 2. Plaudern mit Freunden 3. Szenario Nacht mit ausgezogenem Bett\" width=\"750\" height=\"207\" srcset=\"https:\/\/www.domisil.at\/wordpress\/wp-content\/uploads\/2016\/12\/03_9911_3DS-02_Varianten-Wohnk\u00fcche_R750.jpg 750w, https:\/\/www.domisil.at\/wordpress\/wp-content\/uploads\/2016\/12\/03_9911_3DS-02_Varianten-Wohnk\u00fcche_R750-300x83.jpg 300w\" sizes=\"auto, (max-width: 750px) 100vw, 750px\" \/><\/p>\n<p>Das K\u00fcchen \u2013 Essplatz \u2013 Bar \u2013 Sofa \u2013 Bett \u2013 Podest: Alle Aufenthaltsraumfunktionen m\u00fcssen im stra\u00dfenseitigen Zimmer auf etwa 23m\u00b2 untergebracht werden. Da vor allem das tags\u00fcber wenig genutzte Bett sehr viel Platz in Anspruch nimmt, wird dieses unter einem Podest, dass zugleich die K\u00fcche r\u00e4umlich etwas absetzt, integriert \u2013 nur der vordere Teil bleibt sichtbar und dient tags\u00fcber als Sofa.<\/p>\n<p><img loading=\"lazy\" decoding=\"async\" class=\"aligncenter wp-image-197 size-full\" src=\"https:\/\/www.domisil.at\/wordpress\/wp-content\/uploads\/2016\/12\/03_9911_3DS-03_Wohnk\u00fcche_R500.jpg\" alt=\"3D-Darstellung Blick Richtung Wohnk\u00fcche\" width=\"500\" height=\"361\" srcset=\"https:\/\/www.domisil.at\/wordpress\/wp-content\/uploads\/2016\/12\/03_9911_3DS-03_Wohnk\u00fcche_R500.jpg 500w, https:\/\/www.domisil.at\/wordpress\/wp-content\/uploads\/2016\/12\/03_9911_3DS-03_Wohnk\u00fcche_R500-300x217.jpg 300w\" sizes=\"auto, (max-width: 500px) 100vw, 500px\" \/><\/p>\n<p>Ein Tisch wird ebenfalls in den K\u00fcchenbereich integriert. Dieser kann als Esstisch, erweiterte K\u00fcchenarbeitsfl\u00e4che, Fr\u00fchst\u00fccksbar und Arbeitsplatz genutzt werden. Zwei St\u00fchle und zus\u00e4tzliche Barhocker auf der gegen\u00fcber liegenden Seite bieten auch Platz f\u00fcr BesucherInnen.<\/p>\n","protected":false},"excerpt":{"rendered":"<p>Entwurf f\u00fcr eine Kleinwohnung in einem Gr\u00fcnderzeithaus Die Nutzfl\u00e4che der Wohnung betr\u00e4gt nur etwa 30m\u00b2.\u00a0 Diese Fl\u00e4che soll durch Mehrfachnutzungen optimiert werden. Vorraum, WC und&#8230;<\/p>\n<div class=\"more-link-wrapper\"><a class=\"more-link\" href=\"https:\/\/www.domisil.at\/wordpress\/?page_id=192\">Continue reading<span class=\"screen-reader-text\">4+2+4 = 7?<\/span><\/a><\/div>\n","protected":false},"author":1,"featured_media":0,"parent":105,"menu_order":9911,"comment_status":"closed","ping_status":"closed","template":"","meta":{"footnotes":""},"class_list":["post-192","page","type-page","status-publish","hentry","entry"],"_links":{"self":[{"href":"https:\/\/www.domisil.at\/wordpress\/index.php?rest_route=\/wp\/v2\/pages\/192","targetHints":{"allow":["GET"]}}],"collection":[{"href":"https:\/\/www.domisil.at\/wordpress\/index.php?rest_route=\/wp\/v2\/pages"}],"about":[{"href":"https:\/\/www.domisil.at\/wordpress\/index.php?rest_route=\/wp\/v2\/types\/page"}],"author":[{"embeddable":true,"href":"https:\/\/www.domisil.at\/wordpress\/index.php?rest_route=\/wp\/v2\/users\/1"}],"replies":[{"embeddable":true,"href":"https:\/\/www.domisil.at\/wordpress\/index.php?rest_route=%2Fwp%2Fv2%2Fcomments&post=192"}],"version-history":[{"count":10,"href":"https:\/\/www.domisil.at\/wordpress\/index.php?rest_route=\/wp\/v2\/pages\/192\/revisions"}],"predecessor-version":[{"id":567,"href":"https:\/\/www.domisil.at\/wordpress\/index.php?rest_route=\/wp\/v2\/pages\/192\/revisions\/567"}],"up":[{"embeddable":true,"href":"https:\/\/www.domisil.at\/wordpress\/index.php?rest_route=\/wp\/v2\/pages\/105"}],"wp:attachment":[{"href":"https:\/\/www.domisil.at\/wordpress\/index.php?rest_route=%2Fwp%2Fv2%2Fmedia&parent=192"}],"curies":[{"name":"wp","href":"https:\/\/api.w.org\/{rel}","templated":true}]}}